{"id":6448,"date":"2020-05-11T23:24:33","date_gmt":"2020-05-11T23:24:33","guid":{"rendered":"http:\/\/re3rjbdotm.preview.infomaniak.website\/?page_id=6448"},"modified":"2023-10-25T08:53:58","modified_gmt":"2023-10-25T08:53:58","slug":"my-account","status":"publish","type":"page","link":"https:\/\/alpha-rides.de\/en\/my-account\/","title":{"rendered":"My account"},"content":{"rendered":"<div class=\"wpb-content-wrapper\"><p>[vc_row][vc_column][vc_row_inner el_class=&#8221;container&#8221; css=&#8221;.vc_custom_1506956222488{padding-top: 50px !important;padding-bottom: 50px !important;}&#8221;][vc_column_inner]<div class=\"woocommerce\"><\/div>[\/vc_column_inner][\/vc_row_inner][\/vc_column][\/vc_row]<\/p>\n<\/div>","protected":false},"excerpt":{"rendered":"<p>[vc_row][vc_column][vc_row_inner el_class=&#8221;container&#8221; css=&#8221;.vc_custom_1506956222488{padding-top: 50px !important;padding-bottom: 50px !important;}&#8221;][vc_column_inner][\/vc_column_inner][\/vc_row_inner][\/vc_column][\/vc_row]<\/p>\n","protected":false},"author":1,"featured_media":0,"parent":0,"menu_order":15,"comment_status":"closed","ping_status":"closed","template":"page-fullwidth.php","meta":{"_joinchat":[],"footnotes":""},"class_list":["post-6448","page","type-page","status-publish","hentry"],"yoast_head":"<!-- This site is optimized with the Yoast SEO plugin v26.8 - https:\/\/yoast.com\/product\/yoast-seo-wordpress\/ -->\n<title>My account - Alpha rides: Ihr zuverl\u00e4ssiger Chauffeurdienst<\/title>\n<meta name=\"robots\" content=\"index, follow, max-snippet:-1, max-image-preview:large, max-video-preview:-1\" \/>\n<link rel=\"canonical\" href=\"https:\/\/alpha-rides.de\/en\/my-account\/\" \/>\n<meta property=\"og:locale\" content=\"en_US\" \/>\n<meta property=\"og:type\" content=\"article\" \/>\n<meta property=\"og:title\" content=\"My account - Alpha rides: Ihr zuverl\u00e4ssiger Chauffeurdienst\" \/>\n<meta property=\"og:description\" content=\"[vc_row][vc_column][vc_row_inner el_class=&#8221;container&#8221; css=&#8221;.vc_custom_1506956222488{padding-top: 50px !important;padding-bottom: 50px !important;}&#8221;][vc_column_inner][\/vc_column_inner][\/vc_row_inner][\/vc_column][\/vc_row]\" \/>\n<meta property=\"og:url\" content=\"https:\/\/alpha-rides.de\/en\/my-account\/\" \/>\n<meta property=\"og:site_name\" content=\"Alpha rides: Ihr zuverl\u00e4ssiger Chauffeurdienst\" \/>\n<meta property=\"article:modified_time\" content=\"2023-10-25T08:53:58+00:00\" \/>\n<meta name=\"twitter:card\" content=\"summary_large_image\" \/>\n<meta name=\"twitter:label1\" content=\"Est. reading time\" \/>\n\t<meta name=\"twitter:data1\" content=\"1 minute\" \/>\n<script type=\"application\/ld+json\" class=\"yoast-schema-graph\">{\"@context\":\"https:\/\/schema.org\",\"@graph\":[{\"@type\":\"WebPage\",\"@id\":\"https:\/\/alpha-rides.de\/en\/my-account\/\",\"url\":\"https:\/\/alpha-rides.de\/en\/my-account\/\",\"name\":\"My account - Alpha rides: Ihr zuverl\u00e4ssiger Chauffeurdienst\",\"isPartOf\":{\"@id\":\"https:\/\/alpha-rides.de\/en\/#website\"},\"datePublished\":\"2020-05-11T23:24:33+00:00\",\"dateModified\":\"2023-10-25T08:53:58+00:00\",\"breadcrumb\":{\"@id\":\"https:\/\/alpha-rides.de\/en\/my-account\/#breadcrumb\"},\"inLanguage\":\"en-US\",\"potentialAction\":[{\"@type\":\"ReadAction\",\"target\":[\"https:\/\/alpha-rides.de\/en\/my-account\/\"]}]},{\"@type\":\"BreadcrumbList\",\"@id\":\"https:\/\/alpha-rides.de\/en\/my-account\/#breadcrumb\",\"itemListElement\":[{\"@type\":\"ListItem\",\"position\":1,\"name\":\"Home\",\"item\":\"https:\/\/alpha-rides.de\/en\/\"},{\"@type\":\"ListItem\",\"position\":2,\"name\":\"My account\"}]},{\"@type\":\"WebSite\",\"@id\":\"https:\/\/alpha-rides.de\/en\/#website\",\"url\":\"https:\/\/alpha-rides.de\/en\/\",\"name\":\"Alpha rides: Ihr zuverl\u00e4ssiger Chauffeurdienst\",\"description\":\"F\u00fcr ihre individuellen W\u00fcnsche und Anl\u00e4sse ist Alpha Ride Ihr Kompetenter und zuverl\u00e4ssiger Partner f\u00fcr alle Limousinen,- und Chauffeurdienste in und um M\u00fcnchen. Unser Fuhrpark beinhaltet Standardklasse, Businessclass, Firstklasse und Business Van.\",\"potentialAction\":[{\"@type\":\"SearchAction\",\"target\":{\"@type\":\"EntryPoint\",\"urlTemplate\":\"https:\/\/alpha-rides.de\/en\/?s={search_term_string}\"},\"query-input\":{\"@type\":\"PropertyValueSpecification\",\"valueRequired\":true,\"valueName\":\"search_term_string\"}}],\"inLanguage\":\"en-US\"}]}<\/script>\n<!-- \/ Yoast SEO plugin. -->","yoast_head_json":{"title":"My account - Alpha rides: Ihr zuverl\u00e4ssiger Chauffeurdienst","robots":{"index":"index","follow":"follow","max-snippet":"max-snippet:-1","max-image-preview":"max-image-preview:large","max-video-preview":"max-video-preview:-1"},"canonical":"https:\/\/alpha-rides.de\/en\/my-account\/","og_locale":"en_US","og_type":"article","og_title":"My account - Alpha rides: Ihr zuverl\u00e4ssiger Chauffeurdienst","og_description":"[vc_row][vc_column][vc_row_inner el_class=&#8221;container&#8221; css=&#8221;.vc_custom_1506956222488{padding-top: 50px !important;padding-bottom: 50px !important;}&#8221;][vc_column_inner][\/vc_column_inner][\/vc_row_inner][\/vc_column][\/vc_row]","og_url":"https:\/\/alpha-rides.de\/en\/my-account\/","og_site_name":"Alpha rides: Ihr zuverl\u00e4ssiger Chauffeurdienst","article_modified_time":"2023-10-25T08:53:58+00:00","twitter_card":"summary_large_image","twitter_misc":{"Est. reading time":"1 minute"},"schema":{"@context":"https:\/\/schema.org","@graph":[{"@type":"WebPage","@id":"https:\/\/alpha-rides.de\/en\/my-account\/","url":"https:\/\/alpha-rides.de\/en\/my-account\/","name":"My account - Alpha rides: Ihr zuverl\u00e4ssiger Chauffeurdienst","isPartOf":{"@id":"https:\/\/alpha-rides.de\/en\/#website"},"datePublished":"2020-05-11T23:24:33+00:00","dateModified":"2023-10-25T08:53:58+00:00","breadcrumb":{"@id":"https:\/\/alpha-rides.de\/en\/my-account\/#breadcrumb"},"inLanguage":"en-US","potentialAction":[{"@type":"ReadAction","target":["https:\/\/alpha-rides.de\/en\/my-account\/"]}]},{"@type":"BreadcrumbList","@id":"https:\/\/alpha-rides.de\/en\/my-account\/#breadcrumb","itemListElement":[{"@type":"ListItem","position":1,"name":"Home","item":"https:\/\/alpha-rides.de\/en\/"},{"@type":"ListItem","position":2,"name":"My account"}]},{"@type":"WebSite","@id":"https:\/\/alpha-rides.de\/en\/#website","url":"https:\/\/alpha-rides.de\/en\/","name":"Alpha rides: Ihr zuverl\u00e4ssiger Chauffeurdienst","description":"F\u00fcr ihre individuellen W\u00fcnsche und Anl\u00e4sse ist Alpha Ride Ihr Kompetenter und zuverl\u00e4ssiger Partner f\u00fcr alle Limousinen,- und Chauffeurdienste in und um M\u00fcnchen. Unser Fuhrpark beinhaltet Standardklasse, Businessclass, Firstklasse und Business Van.","potentialAction":[{"@type":"SearchAction","target":{"@type":"EntryPoint","urlTemplate":"https:\/\/alpha-rides.de\/en\/?s={search_term_string}"},"query-input":{"@type":"PropertyValueSpecification","valueRequired":true,"valueName":"search_term_string"}}],"inLanguage":"en-US"}]}},"_links":{"self":[{"href":"https:\/\/alpha-rides.de\/en\/wp-json\/wp\/v2\/pages\/6448","targetHints":{"allow":["GET"]}}],"collection":[{"href":"https:\/\/alpha-rides.de\/en\/wp-json\/wp\/v2\/pages"}],"about":[{"href":"https:\/\/alpha-rides.de\/en\/wp-json\/wp\/v2\/types\/page"}],"author":[{"embeddable":true,"href":"https:\/\/alpha-rides.de\/en\/wp-json\/wp\/v2\/users\/1"}],"replies":[{"embeddable":true,"href":"https:\/\/alpha-rides.de\/en\/wp-json\/wp\/v2\/comments?post=6448"}],"version-history":[{"count":3,"href":"https:\/\/alpha-rides.de\/en\/wp-json\/wp\/v2\/pages\/6448\/revisions"}],"predecessor-version":[{"id":6475,"href":"https:\/\/alpha-rides.de\/en\/wp-json\/wp\/v2\/pages\/6448\/revisions\/6475"}],"wp:attachment":[{"href":"https:\/\/alpha-rides.de\/en\/wp-json\/wp\/v2\/media?parent=6448"}],"curies":[{"name":"wp","href":"https:\/\/api.w.org\/{rel}","templated":true}]}}