{"id":6455,"date":"2020-05-11T23:25:23","date_gmt":"2020-05-11T23:25:23","guid":{"rendered":"http:\/\/re3rjbdotm.preview.infomaniak.website\/?page_id=6455"},"modified":"2023-10-25T09:06:37","modified_gmt":"2023-10-25T09:06:37","slug":"uber-uns","status":"publish","type":"page","link":"https:\/\/alpha-rides.de\/en\/uber-uns\/","title":{"rendered":"about us"},"content":{"rendered":"<p>&nbsp;<\/p>\n<p><span style=\"font-family: '&amp;quot',serif; color: #7a7a7a;\">Unser Limousinen Service mit Sitz in M\u00fcnchen-Aschheim bietet Ihnen den Flughafentransfer an, ebenso Messe Shuttles und vieles mehr. Bei uns k\u00f6nnen Sie sich seit Jahren auf die professionelle Bef\u00f6rderung verlassen. Wir haben uns vor allem auf Gesch\u00e4ftsleute spezialisiert, die selbst verreisen m\u00fcssen oder Gesch\u00e4ftspartner abholen lassen m\u00f6chten. Unsere Chauffeure sind ausgebildet, um im Business bestehen zu k\u00f6nnen. Sie k\u00f6nnen einen Chauffeur buchen, der eine Fremdsprache nach Wahl spricht. Sprechen Sie uns daf\u00fcr bitte an. Sie buchen zuvorkommende Chauffeure f\u00fcr den Flughafentransfer, die in der Lage sind, Sie oder Ihre G\u00e4ste immer p\u00fcnktlich zu dem gew\u00fcnschten Ort zu bringen. Wir besitzen einen gro\u00dfen Fuhrpark an Limousinen und sind somit in der Lage, auch kurzfristige Auftr\u00e4ge zu \u00fcbernehmen. Nur bei Messen sollten Sie unseren Flughafentransfer M\u00fcnchen am besten vorab buchen, denn dann ist unser Limousinen Service mit Flughafentransfer M\u00fcnchen sehr schnell ausgebucht. Kontaktieren Sie uns und lassen Sie sich in M\u00fcnchen bequem chauffieren oder Ihre Gesch\u00e4ftspartner und Kunden bef\u00f6rdern.<\/span><\/p>\n<p><span style=\"font-family: '&amp;quot',serif; color: #7a7a7a;\">Zu unseren Kunden z\u00e4hlen derzeit Unternehmensberatungen, Anwaltskanzleien, Kunden aus der Modebranche und viele mehr. Vertrauen Sie unsrem langj\u00e4hrigen Service, unseren Top Mitarbeitern und unseren \u00fcberzeugenden Preisen. Bei uns wird nichts dem Zufall \u00fcberlassen. F\u00fcr die Unterhaltung in unseren Limousinen ist selbstverst\u00e4ndlich auch gesorgt. Sie k\u00f6nnen die ausliegenden Tageszeitungen lesen oder sich den Zeitschriften zuwenden. So k\u00f6nnen Sie bequem und sorglos an ihr Ziel gelangen. Unser Limousinen Service macht alles m\u00f6glich, auch auf Sonderw\u00fcnsche gehen wir als Flughafentransfer M\u00fcnchen ein. In dem Fall k\u00f6nnen Sie uns kontaktieren, die W\u00fcnsche mitteilen und wir werden diese umsetzen.<\/span><\/p>\n<p><span style=\"font-family: '&amp;quot',serif; color: #7a7a7a;\">Wir zeichnen uns auch dadurch aus, dass wir Sie oder die G\u00e4ste schon am Flughafen in der Ankunftshalle abholen, ebenso am Messeeingang oder aber in der Hotellobby und auch im Firmen Foyer. Wir nehmen alle Fahrg\u00e4ste professionell mit Namensschild in Empfang und bef\u00f6rdern diese mit dem Gep\u00e4ck zum Ziel. Unsere Chauffeure agieren auf Wunsch ganz ruhig oder zeigen auf Fahrten auch gerne besondere Merkmale in M\u00fcnchen auf. Wir bieten als Limousinen Service mit Flughafentransfer M\u00fcnchen die flexible Zahlung. Sie k\u00f6nnen uns via \u00dcberweisung bezahlen, ebenso mit Kreditkarte oder auch per Barzahlung. So stellen wir uns ganz auf die Kunden ein und sind rundum ein flexibles Limousinen Service-Unternehmen.<\/span><\/p>\n<p>&nbsp;<\/p>\n","protected":false},"excerpt":{"rendered":"<p>&nbsp; Unser Limousinen Service mit Sitz in M\u00fcnchen-Aschheim bietet Ihnen den Flughafentransfer an, ebenso Messe Shuttles und vieles mehr. Bei uns k\u00f6nnen Sie sich seit Jahren auf die professionelle Bef\u00f6rderung verlassen. Wir haben uns vor allem auf Gesch\u00e4ftsleute spezialisiert, die selbst verreisen m\u00fcssen oder Gesch\u00e4ftspartner abholen lassen m\u00f6chten. Unsere Chauffeure sind ausgebildet, um im Business [&hellip;]<\/p>\n","protected":false},"author":1,"featured_media":0,"parent":0,"menu_order":9,"comment_status":"closed","ping_status":"closed","template":"","meta":{"_joinchat":[],"footnotes":""},"class_list":["post-6455","page","type-page","status-publish","hentry"],"yoast_head":"<!-- This site is optimized with the Yoast SEO plugin v26.8 - https:\/\/yoast.com\/product\/yoast-seo-wordpress\/ -->\n<title>about us - Alpha rides: Ihr zuverl\u00e4ssiger Chauffeurdienst<\/title>\n<meta name=\"robots\" content=\"index, follow, max-snippet:-1, max-image-preview:large, max-video-preview:-1\" \/>\n<link rel=\"canonical\" href=\"https:\/\/alpha-rides.de\/en\/uber-uns\/\" \/>\n<meta property=\"og:locale\" content=\"en_US\" \/>\n<meta property=\"og:type\" content=\"article\" \/>\n<meta property=\"og:title\" content=\"about us - Alpha rides: Ihr zuverl\u00e4ssiger Chauffeurdienst\" \/>\n<meta property=\"og:description\" content=\"&nbsp; Unser Limousinen Service mit Sitz in M\u00fcnchen-Aschheim bietet Ihnen den Flughafentransfer an, ebenso Messe Shuttles und vieles mehr. Bei uns k\u00f6nnen Sie sich seit Jahren auf die professionelle Bef\u00f6rderung verlassen. Wir haben uns vor allem auf Gesch\u00e4ftsleute spezialisiert, die selbst verreisen m\u00fcssen oder Gesch\u00e4ftspartner abholen lassen m\u00f6chten. Unsere Chauffeure sind ausgebildet, um im Business [&hellip;]\" \/>\n<meta property=\"og:url\" content=\"https:\/\/alpha-rides.de\/en\/uber-uns\/\" \/>\n<meta property=\"og:site_name\" content=\"Alpha rides: Ihr zuverl\u00e4ssiger Chauffeurdienst\" \/>\n<meta property=\"article:modified_time\" content=\"2023-10-25T09:06:37+00:00\" \/>\n<meta name=\"twitter:card\" content=\"summary_large_image\" \/>\n<meta name=\"twitter:label1\" content=\"Est. reading time\" \/>\n\t<meta name=\"twitter:data1\" content=\"2 minutes\" \/>\n<script type=\"application\/ld+json\" class=\"yoast-schema-graph\">{\"@context\":\"https:\/\/schema.org\",\"@graph\":[{\"@type\":\"WebPage\",\"@id\":\"https:\/\/alpha-rides.de\/en\/uber-uns\/\",\"url\":\"https:\/\/alpha-rides.de\/en\/uber-uns\/\",\"name\":\"about us - Alpha rides: Ihr zuverl\u00e4ssiger Chauffeurdienst\",\"isPartOf\":{\"@id\":\"https:\/\/alpha-rides.de\/en\/#website\"},\"datePublished\":\"2020-05-11T23:25:23+00:00\",\"dateModified\":\"2023-10-25T09:06:37+00:00\",\"breadcrumb\":{\"@id\":\"https:\/\/alpha-rides.de\/en\/uber-uns\/#breadcrumb\"},\"inLanguage\":\"en-US\",\"potentialAction\":[{\"@type\":\"ReadAction\",\"target\":[\"https:\/\/alpha-rides.de\/en\/uber-uns\/\"]}]},{\"@type\":\"BreadcrumbList\",\"@id\":\"https:\/\/alpha-rides.de\/en\/uber-uns\/#breadcrumb\",\"itemListElement\":[{\"@type\":\"ListItem\",\"position\":1,\"name\":\"Home\",\"item\":\"https:\/\/alpha-rides.de\/en\/\"},{\"@type\":\"ListItem\",\"position\":2,\"name\":\"about us\"}]},{\"@type\":\"WebSite\",\"@id\":\"https:\/\/alpha-rides.de\/en\/#website\",\"url\":\"https:\/\/alpha-rides.de\/en\/\",\"name\":\"Alpha rides: Ihr zuverl\u00e4ssiger Chauffeurdienst\",\"description\":\"F\u00fcr ihre individuellen W\u00fcnsche und Anl\u00e4sse ist Alpha Ride Ihr Kompetenter und zuverl\u00e4ssiger Partner f\u00fcr alle Limousinen,- und Chauffeurdienste in und um M\u00fcnchen. Unser Fuhrpark beinhaltet Standardklasse, Businessclass, Firstklasse und Business Van.\",\"potentialAction\":[{\"@type\":\"SearchAction\",\"target\":{\"@type\":\"EntryPoint\",\"urlTemplate\":\"https:\/\/alpha-rides.de\/en\/?s={search_term_string}\"},\"query-input\":{\"@type\":\"PropertyValueSpecification\",\"valueRequired\":true,\"valueName\":\"search_term_string\"}}],\"inLanguage\":\"en-US\"}]}<\/script>\n<!-- \/ Yoast SEO plugin. -->","yoast_head_json":{"title":"about us - Alpha rides: Ihr zuverl\u00e4ssiger Chauffeurdienst","robots":{"index":"index","follow":"follow","max-snippet":"max-snippet:-1","max-image-preview":"max-image-preview:large","max-video-preview":"max-video-preview:-1"},"canonical":"https:\/\/alpha-rides.de\/en\/uber-uns\/","og_locale":"en_US","og_type":"article","og_title":"about us - Alpha rides: Ihr zuverl\u00e4ssiger Chauffeurdienst","og_description":"&nbsp; Unser Limousinen Service mit Sitz in M\u00fcnchen-Aschheim bietet Ihnen den Flughafentransfer an, ebenso Messe Shuttles und vieles mehr. Bei uns k\u00f6nnen Sie sich seit Jahren auf die professionelle Bef\u00f6rderung verlassen. Wir haben uns vor allem auf Gesch\u00e4ftsleute spezialisiert, die selbst verreisen m\u00fcssen oder Gesch\u00e4ftspartner abholen lassen m\u00f6chten. Unsere Chauffeure sind ausgebildet, um im Business [&hellip;]","og_url":"https:\/\/alpha-rides.de\/en\/uber-uns\/","og_site_name":"Alpha rides: Ihr zuverl\u00e4ssiger Chauffeurdienst","article_modified_time":"2023-10-25T09:06:37+00:00","twitter_card":"summary_large_image","twitter_misc":{"Est. reading time":"2 minutes"},"schema":{"@context":"https:\/\/schema.org","@graph":[{"@type":"WebPage","@id":"https:\/\/alpha-rides.de\/en\/uber-uns\/","url":"https:\/\/alpha-rides.de\/en\/uber-uns\/","name":"about us - Alpha rides: Ihr zuverl\u00e4ssiger Chauffeurdienst","isPartOf":{"@id":"https:\/\/alpha-rides.de\/en\/#website"},"datePublished":"2020-05-11T23:25:23+00:00","dateModified":"2023-10-25T09:06:37+00:00","breadcrumb":{"@id":"https:\/\/alpha-rides.de\/en\/uber-uns\/#breadcrumb"},"inLanguage":"en-US","potentialAction":[{"@type":"ReadAction","target":["https:\/\/alpha-rides.de\/en\/uber-uns\/"]}]},{"@type":"BreadcrumbList","@id":"https:\/\/alpha-rides.de\/en\/uber-uns\/#breadcrumb","itemListElement":[{"@type":"ListItem","position":1,"name":"Home","item":"https:\/\/alpha-rides.de\/en\/"},{"@type":"ListItem","position":2,"name":"about us"}]},{"@type":"WebSite","@id":"https:\/\/alpha-rides.de\/en\/#website","url":"https:\/\/alpha-rides.de\/en\/","name":"Alpha rides: Ihr zuverl\u00e4ssiger Chauffeurdienst","description":"F\u00fcr ihre individuellen W\u00fcnsche und Anl\u00e4sse ist Alpha Ride Ihr Kompetenter und zuverl\u00e4ssiger Partner f\u00fcr alle Limousinen,- und Chauffeurdienste in und um M\u00fcnchen. Unser Fuhrpark beinhaltet Standardklasse, Businessclass, Firstklasse und Business Van.","potentialAction":[{"@type":"SearchAction","target":{"@type":"EntryPoint","urlTemplate":"https:\/\/alpha-rides.de\/en\/?s={search_term_string}"},"query-input":{"@type":"PropertyValueSpecification","valueRequired":true,"valueName":"search_term_string"}}],"inLanguage":"en-US"}]}},"_links":{"self":[{"href":"https:\/\/alpha-rides.de\/en\/wp-json\/wp\/v2\/pages\/6455","targetHints":{"allow":["GET"]}}],"collection":[{"href":"https:\/\/alpha-rides.de\/en\/wp-json\/wp\/v2\/pages"}],"about":[{"href":"https:\/\/alpha-rides.de\/en\/wp-json\/wp\/v2\/types\/page"}],"author":[{"embeddable":true,"href":"https:\/\/alpha-rides.de\/en\/wp-json\/wp\/v2\/users\/1"}],"replies":[{"embeddable":true,"href":"https:\/\/alpha-rides.de\/en\/wp-json\/wp\/v2\/comments?post=6455"}],"version-history":[{"count":3,"href":"https:\/\/alpha-rides.de\/en\/wp-json\/wp\/v2\/pages\/6455\/revisions"}],"predecessor-version":[{"id":6465,"href":"https:\/\/alpha-rides.de\/en\/wp-json\/wp\/v2\/pages\/6455\/revisions\/6465"}],"wp:attachment":[{"href":"https:\/\/alpha-rides.de\/en\/wp-json\/wp\/v2\/media?parent=6455"}],"curies":[{"name":"wp","href":"https:\/\/api.w.org\/{rel}","templated":true}]}}